{"id":3354,"date":"2021-02-11T08:00:35","date_gmt":"2021-02-11T07:00:35","guid":{"rendered":"https:\/\/bormamorbenye.hu\/?page_id=3354"},"modified":"2026-03-02T17:21:55","modified_gmt":"2026-03-02T16:21:55","slug":"kezdooldal","status":"publish","type":"page","link":"https:\/\/bormamorbenye.hu\/en\/","title":{"rendered":"Kezd\u0151oldal"},"content":{"rendered":"<div id='home-top'  class='avia-section main_color avia-section-default avia-no-border-styling  avia-full-stretch av-section-color-overlay-active avia-bg-style-fixed  avia-builder-el-0  el_before_av_section  avia-builder-el-first   av-small-hide av-mini-hide av-minimum-height av-minimum-height-75  container_wrap sidebar_right' style='background-repeat: no-repeat; background-image: url(https:\/\/bormamorbenye.hu\/wp-content\/uploads\/2026\/01\/BMB-sz-174-2048\u00d71365.jpg);background-attachment: fixed; background-position: center center;  '  data-section-bg-repeat='stretch' data-av_minimum_height_pc='75'><div class='av-section-color-overlay-wrap'><div class='av-section-color-overlay' style='opacity: 0.5; background-color: #545454; background-image: url(https:\/\/bormamorbenye.hu\/wp-content\/uploads\/2017\/02\/shadow-03.png); background-repeat: repeat;'><\/div><div class='container' ><main  role=\"main\" itemprop=\"mainContentOfPage\"  class='template-page content  av-content-small alpha units'><div class='post-entry post-entry-type-page post-entry-3354'><div class='entry-content-wrapper clearfix'>\n<div  class='avia-image-container  av-styling-    avia-builder-el-1  avia-builder-el-no-sibling  avia-align-center '  itemprop=\"image\" itemscope=\"itemscope\" itemtype=\"https:\/\/schema.org\/ImageObject\"  ><div class='avia-image-container-inner'><div class='avia-image-overlay-wrap'><img decoding=\"async\" class='wp-image-18042 avia-img-lazy-loading-not-18042 avia_image' src=\"https:\/\/bormamorbenye.hu\/wp-content\/uploads\/2026\/01\/26en.png\" alt='' title='26en' height=\"202\" width=\"711\"  itemprop=\"thumbnailUrl\" srcset=\"https:\/\/bormamorbenye.hu\/wp-content\/uploads\/2026\/01\/26en.png 711w, https:\/\/bormamorbenye.hu\/wp-content\/uploads\/2026\/01\/26en-400x114.png 400w, https:\/\/bormamorbenye.hu\/wp-content\/uploads\/2026\/01\/26en-705x200.png 705w\" sizes=\"(max-width: 711px) 100vw, 711px\" \/><\/div><\/div><\/div>\n\n<\/div><\/div><\/main><!-- close content main element --><\/div><\/div><\/div><div id='home-top-mob'  class='avia-section main_color avia-section-default avia-no-border-styling  avia-full-stretch av-section-color-overlay-active avia-bg-style-scroll  avia-builder-el-2  el_after_av_section  el_before_av_section   av-desktop-hide av-medium-hide av-minimum-height av-minimum-height-75  container_wrap sidebar_right' style='background-repeat: no-repeat; background-image: url(https:\/\/bormamorbenye.hu\/wp-content\/uploads\/2026\/01\/BMB-sz-174-2048\u00d71365.jpg);background-attachment: scroll; background-position: center center;  '  data-section-bg-repeat='stretch' data-av_minimum_height_pc='75'><div class='av-section-color-overlay-wrap'><div class='av-section-color-overlay' style='opacity: 0.5; background-color: #545454; background-image: url(https:\/\/bormamorbenye.hu\/wp-content\/uploads\/2017\/02\/shadow-03.png); background-repeat: repeat;'><\/div><div class='container' ><div class='template-page content  av-content-small alpha units'><div class='post-entry post-entry-type-page post-entry-3354'><div class='entry-content-wrapper clearfix'>\n<div  class='avia-image-container  av-styling-    avia-builder-el-3  el_before_av_one_full  avia-builder-el-first  avia-align-center '  itemprop=\"image\" itemscope=\"itemscope\" itemtype=\"https:\/\/schema.org\/ImageObject\"  ><div class='avia-image-container-inner'><div class='avia-image-overlay-wrap'><img decoding=\"async\" class='wp-image-18042 avia-img-lazy-loading-not-18042 avia_image' src=\"https:\/\/bormamorbenye.hu\/wp-content\/uploads\/2026\/01\/26en.png\" alt='' title='26en' height=\"202\" width=\"711\"  itemprop=\"thumbnailUrl\" srcset=\"https:\/\/bormamorbenye.hu\/wp-content\/uploads\/2026\/01\/26en.png 711w, https:\/\/bormamorbenye.hu\/wp-content\/uploads\/2026\/01\/26en-400x114.png 400w, https:\/\/bormamorbenye.hu\/wp-content\/uploads\/2026\/01\/26en-705x200.png 705w\" sizes=\"(max-width: 711px) 100vw, 711px\" \/><\/div><\/div><\/div>\n<div class=\"flex_column av_one_full  av-animated-generic fade-in  flex_column_div av-zero-column-padding first  avia-builder-el-4  el_after_av_image  avia-builder-el-last  \" style='border-radius:0px; '><div  style='padding-bottom:0px; margin-top: 50px;color:#ffffff;' class='av-special-heading av-special-heading-h2 custom-color-heading blockquote modern-quote modern-centered  avia-builder-el-5  avia-builder-el-no-sibling  '><h2 class='av-special-heading-tag '  itemprop=\"headline\"  >Bor, m\u00e1mor, B\u00e9nye festival in the gardens of Erd\u0151b\u00e9nye between August 13 and 16, 2026.<\/h2><div class ='av-subheading av-subheading_below av_custom_color ' style='font-size:15px;'><p>You can stop by the village&#8217;s wineries for a glass or two of wine or the delicious snacks offered by the impressive gastro exhibitors at any time during the event. In addition, many special wine tastings, literary evenings, music and children&#8217;s programs, and evening concerts await visitors in the peaceful, fairy-tale village of Tokaj-Hegyalja.<\/p>\n<\/div><div class='special-heading-border'><div class='special-heading-inner-border' style='border-color:#ffffff'><\/div><\/div><\/div><\/div>\n\n<\/div><\/div><\/div><!-- close content main div --><\/div><\/div><\/div><div id='facebook-recommend'  class='avia-section alternate_color avia-section-default avia-no-border-styling  avia-full-stretch av-section-color-overlay-active avia-bg-style-fixed  avia-builder-el-6  el_after_av_section  el_before_av_section   av-small-hide av-mini-hide av-minimum-height av-minimum-height-25  container_wrap sidebar_right' style='background-repeat: no-repeat; background-image: url(https:\/\/bormamorbenye.hu\/wp-content\/uploads\/2026\/01\/BMB-sz-174-2048\u00d71365.jpg);background-attachment: fixed; background-position: center center;  '  data-section-bg-repeat='stretch' data-av_minimum_height_pc='25'><div class='av-section-color-overlay-wrap'><div class='av-section-color-overlay' style='opacity: 0.5; background-color: #545454; '><\/div><div class='container' ><div class='template-page content  av-content-small alpha units'><div class='post-entry post-entry-type-page post-entry-3354'><div class='entry-content-wrapper clearfix'>\n<div class=\"flex_column av_one_full  av-animated-generic fade-in  flex_column_div av-zero-column-padding first  avia-builder-el-7  avia-builder-el-no-sibling  \" style='border-radius:0px; '><div  style='padding-bottom:0px; color:#ffffff;' class='av-special-heading av-special-heading-h2 custom-color-heading blockquote modern-quote modern-centered  avia-builder-el-8  avia-builder-el-no-sibling  '><h2 class='av-special-heading-tag '  itemprop=\"headline\"  >Bor, m\u00e1mor, B\u00e9nye festival in the gardens of Erd\u0151b\u00e9nye between August 13 and 16, 2026.<\/h2><div class ='av-subheading av-subheading_below av_custom_color ' style='font-size:24px;'><p>You can stop by the village&#8217;s wineries for a glass or two of wine or the delicious snacks offered by the impressive gastro exhibitors at any time during the event. In addition, many special wine tastings, literary evenings, music and children&#8217;s programs, and evening concerts await visitors in the peaceful, fairy-tale village of Tokaj-Hegyalja.<\/p>\n<\/div><div class='special-heading-border'><div class='special-heading-inner-border' style='border-color:#ffffff'><\/div><\/div><\/div><\/div>\n\n<\/div><\/div><\/div><!-- close content main div --><\/div><\/div><\/div><div id='social-share'  class='avia-section main_color avia-section-small avia-no-shadow  avia-bg-style-fixed  avia-builder-el-9  el_after_av_section  el_before_av_section   container_wrap sidebar_right' style=' '  ><div class='container' ><div class='template-page content  av-content-small alpha units'><div class='post-entry post-entry-type-page post-entry-3354'><div class='entry-content-wrapper clearfix'>\n<div class='flex_column_table av-equal-height-column-flextable -flextable' ><div class=\"flex_column av_one_half  flex_column_table_cell av-equal-height-column av-align-top avia-link-column av-column-link first  avia-builder-el-10  el_before_av_one_half  avia-builder-el-first  \" style='padding:24px; border-radius:0px; ' data-link-column-url=\"https:\/\/bormamorbenye.hu\/en\/programs-2023\/\" ><a class=\"av-screen-reader-only\" href=https:\/\/bormamorbenye.hu\/en\/programs-2023\/ >Follow a manual added link<\/a><p><div  style='padding-bottom:36px; ' class='av-special-heading av-special-heading-h3  blockquote modern-quote  avia-builder-el-11  el_before_av_image  avia-builder-el-first  '><h3 class='av-special-heading-tag '  itemprop=\"headline\"  >PROGRAMS<\/h3><div class='special-heading-border'><div class='special-heading-inner-border' ><\/div><\/div><\/div><br \/>\n<div  class='avia-image-container avia_animated_image avia_animate_when_almost_visible left-to-right av-styling- av-hover-grow av-hide-overflow   avia-builder-el-12  el_after_av_heading  avia-builder-el-last  avia-align-center '  itemprop=\"image\" itemscope=\"itemscope\" itemtype=\"https:\/\/schema.org\/ImageObject\"  ><div class='avia-image-container-inner'><div class='avia-image-overlay-wrap'><a href=\"https:\/\/bormamorbenye.hu\/en\/programs-2023\/\" class='avia_image' ><img decoding=\"async\" width=\"2000\" height=\"1333\" class='wp-image-17361 avia-img-lazy-loading-not-17361 avia_image' src=\"https:\/\/bormamorbenye.hu\/wp-content\/uploads\/2023\/07\/bmb1.jpg\" alt='' title='bmb1'  itemprop=\"thumbnailUrl\" srcset=\"https:\/\/bormamorbenye.hu\/wp-content\/uploads\/2023\/07\/bmb1.jpg 2000w, https:\/\/bormamorbenye.hu\/wp-content\/uploads\/2023\/07\/bmb1-400x267.jpg 400w, https:\/\/bormamorbenye.hu\/wp-content\/uploads\/2023\/07\/bmb1-1030x686.jpg 1030w, https:\/\/bormamorbenye.hu\/wp-content\/uploads\/2023\/07\/bmb1-768x512.jpg 768w, https:\/\/bormamorbenye.hu\/wp-content\/uploads\/2023\/07\/bmb1-1536x1024.jpg 1536w, https:\/\/bormamorbenye.hu\/wp-content\/uploads\/2023\/07\/bmb1-1500x1000.jpg 1500w, https:\/\/bormamorbenye.hu\/wp-content\/uploads\/2023\/07\/bmb1-705x470.jpg 705w\" sizes=\"(max-width: 2000px) 100vw, 2000px\" \/><\/a><\/div><\/div><\/div><\/p><\/div><div class='av-flex-placeholder'><\/div><div class=\"flex_column av_one_half  flex_column_table_cell av-equal-height-column av-align-top avia-link-column av-column-link   avia-builder-el-13  el_after_av_one_half  avia-builder-el-last  \" style='padding:24px; border-radius:0px; ' data-link-column-url=\"https:\/\/bormamorbenye.hu\/en\/venues\/\" ><a class=\"av-screen-reader-only\" href=https:\/\/bormamorbenye.hu\/en\/venues\/ >Follow a manual added link<\/a><p><div  style='padding-bottom:36px; ' class='av-special-heading av-special-heading-h3 custom-color-heading blockquote modern-quote  avia-builder-el-14  el_before_av_image  avia-builder-el-first  '><h3 class='av-special-heading-tag '  itemprop=\"headline\"  >VENUES<\/h3><div class='special-heading-border'><div class='special-heading-inner-border' ><\/div><\/div><\/div><br \/>\n<div  class='avia-image-container avia_animated_image avia_animate_when_almost_visible right-to-left av-styling- av-hover-grow av-hide-overflow   avia-builder-el-15  el_after_av_heading  avia-builder-el-last  avia-align-center '  itemprop=\"image\" itemscope=\"itemscope\" itemtype=\"https:\/\/schema.org\/ImageObject\"  ><div class='avia-image-container-inner'><div class='avia-image-overlay-wrap'><a href=\"https:\/\/bormamorbenye.hu\/en\/venues\/\" class='avia_image' ><img decoding=\"async\" width=\"1200\" height=\"800\" class='wp-image-17119 avia-img-lazy-loading-not-17119 avia_image' src=\"https:\/\/bormamorbenye.hu\/wp-content\/uploads\/2023\/07\/220610_DF_Beres_2_masolat_1200px.jpg\" alt='' title='220610_DF_Beres_2_masolat_1200px'  itemprop=\"thumbnailUrl\" srcset=\"https:\/\/bormamorbenye.hu\/wp-content\/uploads\/2023\/07\/220610_DF_Beres_2_masolat_1200px.jpg 1200w, https:\/\/bormamorbenye.hu\/wp-content\/uploads\/2023\/07\/220610_DF_Beres_2_masolat_1200px-400x267.jpg 400w, https:\/\/bormamorbenye.hu\/wp-content\/uploads\/2023\/07\/220610_DF_Beres_2_masolat_1200px-1030x687.jpg 1030w, https:\/\/bormamorbenye.hu\/wp-content\/uploads\/2023\/07\/220610_DF_Beres_2_masolat_1200px-768x512.jpg 768w, https:\/\/bormamorbenye.hu\/wp-content\/uploads\/2023\/07\/220610_DF_Beres_2_masolat_1200px-705x470.jpg 705w\" sizes=\"(max-width: 1200px) 100vw, 1200px\" \/><\/a><\/div><\/div><\/div><\/p><\/div><\/div><!--close column table wrapper. Autoclose: 1 -->\n\n<\/div><\/div><\/div><!-- close content main div --><\/div><\/div><div id='social-share'  class='avia-section main_color avia-section-small avia-no-shadow  avia-bg-style-fixed  avia-builder-el-16  el_after_av_section  el_before_av_one_full   container_wrap sidebar_right' style=' '  ><div class='container' ><div class='template-page content  av-content-small alpha units'><div class='post-entry post-entry-type-page post-entry-3354'><div class='entry-content-wrapper clearfix'>\n<div class='flex_column_table av-equal-height-column-flextable -flextable' ><div class=\"flex_column av_one_half  av-animated-generic fade-in  flex_column_table_cell av-equal-height-column av-align-top first  avia-builder-el-17  el_before_av_one_half  avia-builder-el-first  \" style='padding:24px; border-radius:0px; '><p><div  style='padding-bottom:36px; ' class='av-special-heading av-special-heading-h3  blockquote modern-quote  avia-builder-el-18  el_before_av_social_share  avia-builder-el-first  '><h3 class='av-special-heading-tag '  itemprop=\"headline\"  >Share this page&#8230;<\/h3><div class='special-heading-border'><div class='special-heading-inner-border' ><\/div><\/div><\/div><br \/>\n<div  class='av-social-sharing-box  avia-builder-el-19  el_after_av_heading  avia-builder-el-last  '><div class='av-share-box'><ul class='av-share-box-list noLightbox'><li class='av-share-link av-social-link-facebook' ><a target=\"_blank\" aria-label=\"Share on Facebook\" href='https:\/\/www.facebook.com\/sharer.php?u=https:\/\/bormamorbenye.hu\/en\/&#038;t=Kezd%C5%91oldal' aria-hidden='false' data-av_icon='\ue8f3' data-av_iconfont='entypo-fontello' title='' data-avia-related-tooltip='Share on Facebook' rel=\"noopener\"><span class='avia_hidden_link_text'>Share on Facebook<\/span><\/a><\/li><li class='av-share-link av-social-link-twitter' ><a target=\"_blank\" aria-label=\"Share on Twitter\" href='https:\/\/twitter.com\/share?text=Kezd%C5%91oldal&#038;url=https:\/\/bormamorbenye.hu\/en\/' aria-hidden='false' data-av_icon='\ue8f1' data-av_iconfont='entypo-fontello' title='' data-avia-related-tooltip='Share on Twitter' rel=\"noopener\"><span class='avia_hidden_link_text'>Share on Twitter<\/span><\/a><\/li><li class='av-share-link av-social-link-linkedin' ><a target=\"_blank\" aria-label=\"Share on LinkedIn\" href='https:\/\/linkedin.com\/shareArticle?mini=true&#038;title=Kezd%C5%91oldal&#038;url=https:\/\/bormamorbenye.hu\/en\/' aria-hidden='false' data-av_icon='\ue8fc' data-av_iconfont='entypo-fontello' title='' data-avia-related-tooltip='Share on LinkedIn' rel=\"noopener\"><span class='avia_hidden_link_text'>Share on LinkedIn<\/span><\/a><\/li><li class='av-share-link av-social-link-mail' ><a  aria-label=\"Share by Mail\" href='mailto:?subject=Kezd%C5%91oldal&#038;body=https:\/\/bormamorbenye.hu\/en\/' aria-hidden='false' data-av_icon='\ue805' data-av_iconfont='entypo-fontello' title='' data-avia-related-tooltip='Share by Mail'><span class='avia_hidden_link_text'>Share by Mail<\/span><\/a><\/li><\/ul><\/div><\/div><\/p><\/div><div class='av-flex-placeholder'><\/div><div class=\"flex_column av_one_half  av-animated-generic fade-in  flex_column_table_cell av-equal-height-column av-align-top   avia-builder-el-20  el_after_av_one_half  avia-builder-el-last  \" style='padding:24px; border-radius:0px; '><p><div  style='padding-bottom:36px; ' class='av-special-heading av-special-heading-h3 custom-color-heading blockquote modern-quote  avia-builder-el-21  el_before_av_codeblock  avia-builder-el-first  '><h3 class='av-special-heading-tag '  itemprop=\"headline\"  >&#8230; and follow us in Facebookon!<\/h3><div class='special-heading-border'><div class='special-heading-inner-border' ><\/div><\/div><\/div><br \/>\n<\/p><\/div><\/div><!--close column table wrapper. Autoclose: 1 -->\n<\/div><\/div><\/div><!-- close content main div --><\/div><\/div><div id='after_section_5'  class='main_color av_default_container_wrap container_wrap sidebar_right' style=' '  ><div class='container' ><div class='template-page content  av-content-small alpha units'><div class='post-entry post-entry-type-page post-entry-3354'><div class='entry-content-wrapper clearfix'>\n<div class=\"flex_column av_one_full  flex_column_div av-zero-column-padding first  avia-builder-el-23  el_after_av_section  avia-builder-el-no-sibling  \" style='border-radius:0px; '><div  class='avia-image-container  av-styling-   av-desktop-hide av-medium-hide av-small-hide av-mini-hide  avia-builder-el-24  avia-builder-el-no-sibling  avia-align-center '  itemprop=\"image\" itemscope=\"itemscope\" itemtype=\"https:\/\/schema.org\/ImageObject\"  ><div class='avia-image-container-inner'><div class='avia-image-overlay-wrap'><img decoding=\"async\" class='wp-image-0 avia-img-lazy-loading-not-0 avia_image' src=\"https:\/\/bormamorbenye.hu\/wp-content\/uploads\/2018\/06\/NEA_ME_BGA-logo\u0301.png\" alt='' title=''   itemprop=\"thumbnailUrl\"  \/><\/div><\/div><\/div><\/div>\n","protected":false},"excerpt":{"rendered":"<p>Bor, m\u00e1mor, B\u00e9nye festival in the gardens of Erd\u0151b\u00e9nye.<\/p>\n","protected":false},"author":5,"featured_media":0,"parent":0,"menu_order":0,"comment_status":"closed","ping_status":"closed","template":"","meta":{"ngg_post_thumbnail":0,"footnotes":""},"class_list":["post-3354","page","type-page","status-publish","hentry"],"yoast_head":"<!-- This site is optimized with the Yoast SEO plugin v27.3 - https:\/\/yoast.com\/product\/yoast-seo-wordpress\/ -->\n<title>Bor, m\u00e1mor.. B\u00e9nye 2026<\/title>\n<meta name=\"description\" content=\"2026. Augusztus 13-16. Fesztiv\u00e1l az erd\u0151b\u00e9nyei kertekben. Tokaji borok, zempl\u00e9ni \u00edzek. Jazz, n\u00e9pzene, world music. Ki\u00e1ll\u00edt\u00e1sok, besz\u00e9lget\u00e9sek, t\u00far\u00e1k.\" \/>\n<meta name=\"robots\" content=\"index, follow, max-snippet:-1, max-image-preview:large, max-video-preview:-1\" \/>\n<link rel=\"canonical\" href=\"https:\/\/bormamorbenye.hu\/en\/kezdooldal\/\" \/>\n<meta property=\"og:locale\" content=\"en_US\" \/>\n<meta property=\"og:type\" content=\"article\" \/>\n<meta property=\"og:title\" content=\"Bor, m\u00e1mor.. B\u00e9nye 2026\" \/>\n<meta property=\"og:description\" content=\"2026. Augusztus 13-16. Fesztiv\u00e1l az erd\u0151b\u00e9nyei kertekben. Tokaji borok, zempl\u00e9ni \u00edzek. Jazz, n\u00e9pzene, world music. Ki\u00e1ll\u00edt\u00e1sok, besz\u00e9lget\u00e9sek, t\u00far\u00e1k.\" \/>\n<meta property=\"og:url\" content=\"https:\/\/bormamorbenye.hu\/en\/kezdooldal\/\" \/>\n<meta property=\"og:site_name\" content=\"Bor, m\u00e1mor.. B\u00e9nye\" \/>\n<meta property=\"article:publisher\" content=\"https:\/\/www.facebook.com\/bormamorbenye\" \/>\n<meta property=\"article:modified_time\" content=\"2026-03-02T16:21:55+00:00\" \/>\n<meta property=\"og:image\" content=\"https:\/\/bormamorbenye.hu\/wp-content\/uploads\/2021\/10\/bor-mamor-benye-2022-og.jpg\" \/>\n\t<meta property=\"og:image:width\" content=\"1200\" \/>\n\t<meta property=\"og:image:height\" content=\"630\" \/>\n\t<meta property=\"og:image:type\" content=\"image\/jpeg\" \/>\n<meta name=\"twitter:card\" content=\"summary_large_image\" \/>\n<meta name=\"twitter:label1\" content=\"Est. reading time\" \/>\n\t<meta name=\"twitter:data1\" content=\"6 minutes\" \/>\n<script type=\"application\/ld+json\" class=\"yoast-schema-graph\">{\"@context\":\"https:\\\/\\\/schema.org\",\"@graph\":[{\"@type\":\"WebPage\",\"@id\":\"https:\\\/\\\/bormamorbenye.hu\\\/en\\\/kezdooldal\\\/\",\"url\":\"https:\\\/\\\/bormamorbenye.hu\\\/en\\\/kezdooldal\\\/\",\"name\":\"Bor, m\u00e1mor.. B\u00e9nye 2026\",\"isPartOf\":{\"@id\":\"https:\\\/\\\/bormamorbenye.hu\\\/#website\"},\"datePublished\":\"2021-02-11T07:00:35+00:00\",\"dateModified\":\"2026-03-02T16:21:55+00:00\",\"description\":\"2026. Augusztus 13-16. Fesztiv\u00e1l az erd\u0151b\u00e9nyei kertekben. Tokaji borok, zempl\u00e9ni \u00edzek. Jazz, n\u00e9pzene, world music. Ki\u00e1ll\u00edt\u00e1sok, besz\u00e9lget\u00e9sek, t\u00far\u00e1k.\",\"inLanguage\":\"en-US\",\"potentialAction\":[{\"@type\":\"ReadAction\",\"target\":[\"https:\\\/\\\/bormamorbenye.hu\\\/en\\\/kezdooldal\\\/\"]}]},{\"@type\":\"WebSite\",\"@id\":\"https:\\\/\\\/bormamorbenye.hu\\\/#website\",\"url\":\"https:\\\/\\\/bormamorbenye.hu\\\/\",\"name\":\"Bor, m\u00e1mor.. B\u00e9nye\",\"description\":\"Tokaj Wines, local food. Jazz, folk and world music\",\"publisher\":{\"@id\":\"https:\\\/\\\/bormamorbenye.hu\\\/#organization\"},\"potentialAction\":[{\"@type\":\"SearchAction\",\"target\":{\"@type\":\"EntryPoint\",\"urlTemplate\":\"https:\\\/\\\/bormamorbenye.hu\\\/?s={search_term_string}\"},\"query-input\":{\"@type\":\"PropertyValueSpecification\",\"valueRequired\":true,\"valueName\":\"search_term_string\"}}],\"inLanguage\":\"en-US\"},{\"@type\":\"Organization\",\"@id\":\"https:\\\/\\\/bormamorbenye.hu\\\/#organization\",\"name\":\"Bor, m\u00e1mor.. B\u00e9nye\",\"url\":\"https:\\\/\\\/bormamorbenye.hu\\\/\",\"logo\":{\"@type\":\"ImageObject\",\"inLanguage\":\"en-US\",\"@id\":\"https:\\\/\\\/bormamorbenye.hu\\\/#\\\/schema\\\/logo\\\/image\\\/\",\"url\":\"https:\\\/\\\/bormamorbenye.hu\\\/wp-content\\\/uploads\\\/2014\\\/07\\\/cropped-bor-mamor-benye-placeholder.jpg\",\"contentUrl\":\"https:\\\/\\\/bormamorbenye.hu\\\/wp-content\\\/uploads\\\/2014\\\/07\\\/cropped-bor-mamor-benye-placeholder.jpg\",\"width\":512,\"height\":512,\"caption\":\"Bor, m\u00e1mor.. B\u00e9nye\"},\"image\":{\"@id\":\"https:\\\/\\\/bormamorbenye.hu\\\/#\\\/schema\\\/logo\\\/image\\\/\"},\"sameAs\":[\"https:\\\/\\\/www.facebook.com\\\/bormamorbenye\"]}]}<\/script>\n<!-- \/ Yoast SEO plugin. -->","yoast_head_json":{"title":"Bor, m\u00e1mor.. B\u00e9nye 2026","description":"2026. Augusztus 13-16. Fesztiv\u00e1l az erd\u0151b\u00e9nyei kertekben. Tokaji borok, zempl\u00e9ni \u00edzek. Jazz, n\u00e9pzene, world music. Ki\u00e1ll\u00edt\u00e1sok, besz\u00e9lget\u00e9sek, t\u00far\u00e1k.","robots":{"index":"index","follow":"follow","max-snippet":"max-snippet:-1","max-image-preview":"max-image-preview:large","max-video-preview":"max-video-preview:-1"},"canonical":"https:\/\/bormamorbenye.hu\/en\/kezdooldal\/","og_locale":"en_US","og_type":"article","og_title":"Bor, m\u00e1mor.. B\u00e9nye 2026","og_description":"2026. Augusztus 13-16. Fesztiv\u00e1l az erd\u0151b\u00e9nyei kertekben. Tokaji borok, zempl\u00e9ni \u00edzek. Jazz, n\u00e9pzene, world music. Ki\u00e1ll\u00edt\u00e1sok, besz\u00e9lget\u00e9sek, t\u00far\u00e1k.","og_url":"https:\/\/bormamorbenye.hu\/en\/kezdooldal\/","og_site_name":"Bor, m\u00e1mor.. B\u00e9nye","article_publisher":"https:\/\/www.facebook.com\/bormamorbenye","article_modified_time":"2026-03-02T16:21:55+00:00","og_image":[{"width":1200,"height":630,"url":"https:\/\/bormamorbenye.hu\/wp-content\/uploads\/2021\/10\/bor-mamor-benye-2022-og.jpg","type":"image\/jpeg"}],"twitter_card":"summary_large_image","twitter_misc":{"Est. reading time":"6 minutes"},"schema":{"@context":"https:\/\/schema.org","@graph":[{"@type":"WebPage","@id":"https:\/\/bormamorbenye.hu\/en\/kezdooldal\/","url":"https:\/\/bormamorbenye.hu\/en\/kezdooldal\/","name":"Bor, m\u00e1mor.. B\u00e9nye 2026","isPartOf":{"@id":"https:\/\/bormamorbenye.hu\/#website"},"datePublished":"2021-02-11T07:00:35+00:00","dateModified":"2026-03-02T16:21:55+00:00","description":"2026. Augusztus 13-16. Fesztiv\u00e1l az erd\u0151b\u00e9nyei kertekben. Tokaji borok, zempl\u00e9ni \u00edzek. Jazz, n\u00e9pzene, world music. Ki\u00e1ll\u00edt\u00e1sok, besz\u00e9lget\u00e9sek, t\u00far\u00e1k.","inLanguage":"en-US","potentialAction":[{"@type":"ReadAction","target":["https:\/\/bormamorbenye.hu\/en\/kezdooldal\/"]}]},{"@type":"WebSite","@id":"https:\/\/bormamorbenye.hu\/#website","url":"https:\/\/bormamorbenye.hu\/","name":"Bor, m\u00e1mor.. B\u00e9nye","description":"Tokaj Wines, local food. Jazz, folk and world music","publisher":{"@id":"https:\/\/bormamorbenye.hu\/#organization"},"potentialAction":[{"@type":"SearchAction","target":{"@type":"EntryPoint","urlTemplate":"https:\/\/bormamorbenye.hu\/?s={search_term_string}"},"query-input":{"@type":"PropertyValueSpecification","valueRequired":true,"valueName":"search_term_string"}}],"inLanguage":"en-US"},{"@type":"Organization","@id":"https:\/\/bormamorbenye.hu\/#organization","name":"Bor, m\u00e1mor.. B\u00e9nye","url":"https:\/\/bormamorbenye.hu\/","logo":{"@type":"ImageObject","inLanguage":"en-US","@id":"https:\/\/bormamorbenye.hu\/#\/schema\/logo\/image\/","url":"https:\/\/bormamorbenye.hu\/wp-content\/uploads\/2014\/07\/cropped-bor-mamor-benye-placeholder.jpg","contentUrl":"https:\/\/bormamorbenye.hu\/wp-content\/uploads\/2014\/07\/cropped-bor-mamor-benye-placeholder.jpg","width":512,"height":512,"caption":"Bor, m\u00e1mor.. B\u00e9nye"},"image":{"@id":"https:\/\/bormamorbenye.hu\/#\/schema\/logo\/image\/"},"sameAs":["https:\/\/www.facebook.com\/bormamorbenye"]}]}},"_links":{"self":[{"href":"https:\/\/bormamorbenye.hu\/en\/wp-json\/wp\/v2\/pages\/3354","targetHints":{"allow":["GET"]}}],"collection":[{"href":"https:\/\/bormamorbenye.hu\/en\/wp-json\/wp\/v2\/pages"}],"about":[{"href":"https:\/\/bormamorbenye.hu\/en\/wp-json\/wp\/v2\/types\/page"}],"author":[{"embeddable":true,"href":"https:\/\/bormamorbenye.hu\/en\/wp-json\/wp\/v2\/users\/5"}],"replies":[{"embeddable":true,"href":"https:\/\/bormamorbenye.hu\/en\/wp-json\/wp\/v2\/comments?post=3354"}],"version-history":[{"count":5,"href":"https:\/\/bormamorbenye.hu\/en\/wp-json\/wp\/v2\/pages\/3354\/revisions"}],"predecessor-version":[{"id":18052,"href":"https:\/\/bormamorbenye.hu\/en\/wp-json\/wp\/v2\/pages\/3354\/revisions\/18052"}],"wp:attachment":[{"href":"https:\/\/bormamorbenye.hu\/en\/wp-json\/wp\/v2\/media?parent=3354"}],"curies":[{"name":"wp","href":"https:\/\/api.w.org\/{rel}","templated":true}]}}